{"id":1062,"date":"2020-04-06T12:29:03","date_gmt":"2020-04-06T10:29:03","guid":{"rendered":"https:\/\/test2.brainlit.cust.commerz.se\/?page_id=1062"},"modified":"2023-03-16T15:17:42","modified_gmt":"2023-03-16T14:17:42","slug":"cookies","status":"publish","type":"page","link":"https:\/\/brainlit.com\/sv\/legal\/cookies\/","title":{"rendered":"Cookies"},"content":{"rendered":"<div data-elementor-type=\"wp-page\" data-elementor-id=\"1062\" class=\"elementor elementor-1062\" data-elementor-post-type=\"page\">\n\t\t\t\t\t\t<section class=\"elementor-section elementor-top-section elementor-element elementor-element-fd10c8d elementor-section-stretched elementor-section-full_width elementor-section-content-top elementor-section-height-default elementor-section-height-default\" data-id=\"fd10c8d\" data-element_type=\"section\" data-e-type=\"section\" data-settings=\"{&quot;stretch_section&quot;:&quot;section-stretched&quot;,&quot;background_background&quot;:&quot;classic&quot;}\">\n\t\t\t\t\t\t<div class=\"elementor-container elementor-column-gap-default\">\n\t\t\t\t\t<div class=\"aux-parallax-section elementor-column elementor-col-100 elementor-top-column elementor-element elementor-element-20cd303\" data-id=\"20cd303\" data-element_type=\"column\" data-e-type=\"column\">\n\t\t\t<div class=\"elementor-widget-wrap\">\n\t\t\t\t\t\t\t<\/div>\n\t\t<\/div>\n\t\t\t\t\t<\/div>\n\t\t<\/section>\n\t\t\t\t<section class=\"elementor-section elementor-top-section elementor-element elementor-element-3184dc9 elementor-section-full_width elementor-section-stretched elementor-section-height-default elementor-section-height-default\" data-id=\"3184dc9\" data-element_type=\"section\" data-e-type=\"section\" data-settings=\"{&quot;stretch_section&quot;:&quot;section-stretched&quot;}\">\n\t\t\t\t\t\t<div class=\"elementor-container elementor-column-gap-default\">\n\t\t\t\t\t<div class=\"aux-parallax-section elementor-column elementor-col-100 elementor-top-column elementor-element elementor-element-c299a8a\" data-id=\"c299a8a\" data-element_type=\"column\" data-e-type=\"column\">\n\t\t\t<div class=\"elementor-widget-wrap elementor-element-populated\">\n\t\t\t\t\t\t<div class=\"elementor-element elementor-element-ff260e1 elementor-widget elementor-widget-heading\" data-id=\"ff260e1\" data-element_type=\"widget\" data-e-type=\"widget\" data-widget_type=\"heading.default\">\n\t\t\t\t<div class=\"elementor-widget-container\">\n\t\t\t\t\t<h1 class=\"elementor-heading-title elementor-size-default\">Cookies<\/h1>\t\t\t\t<\/div>\n\t\t\t\t<\/div>\n\t\t\t\t\t<\/div>\n\t\t<\/div>\n\t\t\t\t\t<\/div>\n\t\t<\/section>\n\t\t\t\t<section class=\"elementor-section elementor-top-section elementor-element elementor-element-1cc8058 elementor-section-stretched elementor-section-boxed elementor-section-height-default elementor-section-height-default\" data-id=\"1cc8058\" data-element_type=\"section\" data-e-type=\"section\" data-settings=\"{&quot;stretch_section&quot;:&quot;section-stretched&quot;}\">\n\t\t\t\t\t\t<div class=\"elementor-container elementor-column-gap-default\">\n\t\t\t\t\t<div class=\"aux-parallax-section elementor-column elementor-col-100 elementor-top-column elementor-element elementor-element-5d6c7e6\" data-id=\"5d6c7e6\" data-element_type=\"column\" data-e-type=\"column\">\n\t\t\t<div class=\"elementor-widget-wrap elementor-element-populated\">\n\t\t\t\t\t\t<div class=\"elementor-element elementor-element-a2c8a1c elementor-widget elementor-widget-text-editor\" data-id=\"a2c8a1c\" data-element_type=\"widget\" data-e-type=\"widget\" data-widget_type=\"text-editor.default\">\n\t\t\t\t<div class=\"elementor-widget-container\">\n\t\t\t\t\t\t\t\t\t<p class=\"p1\"><span class=\"s1\">Denna cookiepolicy f\u00f6rklarar vad cookies \u00e4r och hur vi anv\u00e4nder dem. F\u00f6r mer information om hur vi anv\u00e4nder, lagrar och skyddar dina personuppgifter och hur du kan kontakta oss, se v\u00e5r integritetspolicy.<\/span><\/p><p class=\"p1\"><span class=\"s1\">Du kan n\u00e4r som helst \u00e4ndra eller \u00e5terkalla ditt samtycke fr\u00e5n cookief\u00f6rklaringen p\u00e5 v\u00e5r webbplats.<br \/><\/span><\/p>\t\t\t\t\t\t\t\t<\/div>\n\t\t\t\t<\/div>\n\t\t\t\t<div class=\"elementor-element elementor-element-40cb6ab elementor-widget elementor-widget-heading\" data-id=\"40cb6ab\" data-element_type=\"widget\" data-e-type=\"widget\" data-widget_type=\"heading.default\">\n\t\t\t\t<div class=\"elementor-widget-container\">\n\t\t\t\t\t<h2 class=\"elementor-heading-title elementor-size-default\">Vad \u00e4r cookies?<\/h2>\t\t\t\t<\/div>\n\t\t\t\t<\/div>\n\t\t\t\t<div class=\"elementor-element elementor-element-a522807 elementor-widget elementor-widget-text-editor\" data-id=\"a522807\" data-element_type=\"widget\" data-e-type=\"widget\" data-widget_type=\"text-editor.default\">\n\t\t\t\t<div class=\"elementor-widget-container\">\n\t\t\t\t\t\t\t\t\t<p class=\"p1\"><span class=\"s1\">Cookies \u00e4r sm\u00e5 textfiler som anv\u00e4nds f\u00f6r att lagra sm\u00e5 bitar av information. Cookies lagras p\u00e5 din enhet n\u00e4r webbplatsen laddas i din webbl\u00e4sare. Dessa cookies hj\u00e4lper oss att f\u00e5 webbplatsen att fungera korrekt, g\u00f6ra webbplatsen s\u00e4krare och ge en b\u00e4ttre anv\u00e4ndarupplevelse. De hj\u00e4lper oss ocks\u00e5 att f\u00f6rst\u00e5 hur webbplatsen fungerar och analysera vad som fungerar och var f\u00f6rb\u00e4ttringar beh\u00f6vs.<\/span><\/p>\t\t\t\t\t\t\t\t<\/div>\n\t\t\t\t<\/div>\n\t\t\t\t<div class=\"elementor-element elementor-element-1d22e15 elementor-widget elementor-widget-heading\" data-id=\"1d22e15\" data-element_type=\"widget\" data-e-type=\"widget\" data-widget_type=\"heading.default\">\n\t\t\t\t<div class=\"elementor-widget-container\">\n\t\t\t\t\t<h2 class=\"elementor-heading-title elementor-size-default\">Hur anv\u00e4nder vi cookies?<\/h2>\t\t\t\t<\/div>\n\t\t\t\t<\/div>\n\t\t\t\t<div class=\"elementor-element elementor-element-4d95fe5 elementor-widget elementor-widget-text-editor\" data-id=\"4d95fe5\" data-element_type=\"widget\" data-e-type=\"widget\" data-widget_type=\"text-editor.default\">\n\t\t\t\t<div class=\"elementor-widget-container\">\n\t\t\t\t\t\t\t\t\t<p class=\"p1\"><span class=\"s1\">Liksom de flesta onlinetj\u00e4nster anv\u00e4nder v\u00e5r webbplats f\u00f6rstaparts- och tredjepartscookies f\u00f6r ett antal \u00e4ndam\u00e5l. F\u00f6rstapartscookies \u00e4r oftast n\u00f6dv\u00e4ndiga f\u00f6r att webbplatsen ska fungera p\u00e5 r\u00e4tt s\u00e4tt och samlar inte in n\u00e5gra av dina personligt identifierbara uppgifter.<\/span><\/p><p class=\"p1\"><span class=\"s1\">De tredjepartscookies som anv\u00e4nds p\u00e5 v\u00e5ra webbplatser anv\u00e4nds fr\u00e4mst f\u00f6r att f\u00f6rst\u00e5 hur webbplatsen fungerar, hur du interagerar med v\u00e5r webbplats, f\u00f6r att h\u00e5lla v\u00e5ra tj\u00e4nster s\u00e4kra, f\u00f6r att tillhandah\u00e5lla annonser som \u00e4r relevanta f\u00f6r dig och f\u00f6r att ge dig en b\u00e4ttre anv\u00e4ndarupplevelse och p\u00e5skynda dina framtida interaktioner med v\u00e5r webbplats.<\/span><\/p>\t\t\t\t\t\t\t\t<\/div>\n\t\t\t\t<\/div>\n\t\t\t\t<div class=\"elementor-element elementor-element-f87756c elementor-widget elementor-widget-heading\" data-id=\"f87756c\" data-element_type=\"widget\" data-e-type=\"widget\" data-widget_type=\"heading.default\">\n\t\t\t\t<div class=\"elementor-widget-container\">\n\t\t\t\t\t<h2 class=\"elementor-heading-title elementor-size-default\">Vilka typer av cookies anv\u00e4nder vi?<\/h2>\t\t\t\t<\/div>\n\t\t\t\t<\/div>\n\t\t\t\t<div class=\"elementor-element elementor-element-31800bc elementor-widget elementor-widget-text-editor\" data-id=\"31800bc\" data-element_type=\"widget\" data-e-type=\"widget\" data-widget_type=\"text-editor.default\">\n\t\t\t\t<div class=\"elementor-widget-container\">\n\t\t\t\t\t\t\t\t\t<p class=\"p1\"><span class=\"s1\">Viktigt: Vissa cookies \u00e4r n\u00f6dv\u00e4ndiga f\u00f6r att du ska kunna uppleva alla funktioner p\u00e5 v\u00e5r webbplats. De g\u00f6r det m\u00f6jligt f\u00f6r oss att uppr\u00e4tth\u00e5lla anv\u00e4ndarsessioner och f\u00f6rhindra eventuella s\u00e4kerhetshot. De samlar inte in eller lagrar n\u00e5gon personlig information.<\/span><\/p><p class=\"p1\"><span class=\"s1\">Statistik: Dessa kakor lagrar information om t.ex. antalet bes\u00f6kare p\u00e5 webbplatsen, antalet unika bes\u00f6kare, vilka sidor p\u00e5 webbplatsen som har bes\u00f6kts, k\u00e4llan till bes\u00f6ket osv. Dessa uppgifter hj\u00e4lper oss att f\u00f6rst\u00e5 och analysera hur v\u00e4l webbplatsen fungerar och var f\u00f6rb\u00e4ttringar beh\u00f6vs.<\/span><\/p><p class=\"p1\"><span class=\"s1\">Funktionell: Dessa cookies hj\u00e4lper vissa icke v\u00e4sentliga funktioner p\u00e5 v\u00e5r webbplats, inklusive att b\u00e4dda in inneh\u00e5ll som videor eller dela inneh\u00e5ll p\u00e5 webbplatsen fr\u00e5n sociala medier.<\/span><\/p><p class=\"p1\"><span class=\"s1\">Inst\u00e4llningar: Dessa cookies hj\u00e4lper oss att lagra dina inst\u00e4llningar och webbl\u00e4sarpreferenser, t.ex. spr\u00e5kpreferenser, s\u00e5 att du f\u00e5r en b\u00e4ttre och effektivare upplevelse vid framtida bes\u00f6k p\u00e5 webbplatsen.<\/span><\/p>\t\t\t\t\t\t\t\t<\/div>\n\t\t\t\t<\/div>\n\t\t\t\t<div class=\"elementor-element elementor-element-3392fae elementor-widget elementor-widget-heading\" data-id=\"3392fae\" data-element_type=\"widget\" data-e-type=\"widget\" data-widget_type=\"heading.default\">\n\t\t\t\t<div class=\"elementor-widget-container\">\n\t\t\t\t\t<h2 class=\"elementor-heading-title elementor-size-default\">Hur kan jag styra mina inst\u00e4llningar f\u00f6r cookies?<\/h2>\t\t\t\t<\/div>\n\t\t\t\t<\/div>\n\t\t\t\t<div class=\"elementor-element elementor-element-9093880 elementor-widget elementor-widget-text-editor\" data-id=\"9093880\" data-element_type=\"widget\" data-e-type=\"widget\" data-widget_type=\"text-editor.default\">\n\t\t\t\t<div class=\"elementor-widget-container\">\n\t\t\t\t\t\t\t\t\t<p class=\"p1\"><span class=\"s1\">Klicka p\u00e5 fliken \"Integritets- och cookiepolicy\" i din webbl\u00e4sare f\u00f6r att \u00e4ndra dina inst\u00e4llningar. <\/span><span class=\"s1\">D\u00e5 visas meddelandet om samtycke som g\u00f6r det m\u00f6jligt f\u00f6r dig att \u00e4ndra dina preferenser eller helt \u00e5terkalla ditt samtycke. <\/span><span class=\"s1\">Dessutom erbjuder olika webbl\u00e4sare olika metoder f\u00f6r att blockera och radera cookies som anv\u00e4nds av webbplatser. Du kan \u00e4ndra inst\u00e4llningarna i din webbl\u00e4sare f\u00f6r att blockera\/ta bort cookies.<\/span><\/p>\t\t\t\t\t\t\t\t<\/div>\n\t\t\t\t<\/div>\n\t\t\t\t<div class=\"elementor-element elementor-element-5480515 elementor-widget elementor-widget-spacer\" data-id=\"5480515\" data-element_type=\"widget\" data-e-type=\"widget\" data-widget_type=\"spacer.default\">\n\t\t\t\t<div class=\"elementor-widget-container\">\n\t\t\t\t\t\t\t<div class=\"elementor-spacer\">\n\t\t\t<div class=\"elementor-spacer-inner\"><\/div>\n\t\t<\/div>\n\t\t\t\t\t\t<\/div>\n\t\t\t\t<\/div>\n\t\t\t\t\t<\/div>\n\t\t<\/div>\n\t\t\t\t\t<\/div>\n\t\t<\/section>\n\t\t\t\t<\/div>","protected":false},"excerpt":{"rendered":"<p>Cookies This Cookie Policy explains what cookies are and how we use them. For further information on how we use, store and keep your personal data secure and how you can contact us, see our Privacy Policy. You can at any time change or withdraw your consent from the Cookie Declaration on our website. What [&hellip;]<\/p>\n","protected":false},"author":18,"featured_media":0,"parent":12035,"menu_order":0,"comment_status":"closed","ping_status":"closed","template":"","meta":{"footnotes":""},"class_list":["post-1062","page","type-page","status-publish","hentry"],"_links":{"self":[{"href":"https:\/\/brainlit.com\/sv\/wp-json\/wp\/v2\/pages\/1062","targetHints":{"allow":["GET"]}}],"collection":[{"href":"https:\/\/brainlit.com\/sv\/wp-json\/wp\/v2\/pages"}],"about":[{"href":"https:\/\/brainlit.com\/sv\/wp-json\/wp\/v2\/types\/page"}],"author":[{"embeddable":true,"href":"https:\/\/brainlit.com\/sv\/wp-json\/wp\/v2\/users\/18"}],"replies":[{"embeddable":true,"href":"https:\/\/brainlit.com\/sv\/wp-json\/wp\/v2\/comments?post=1062"}],"version-history":[{"count":0,"href":"https:\/\/brainlit.com\/sv\/wp-json\/wp\/v2\/pages\/1062\/revisions"}],"up":[{"embeddable":true,"href":"https:\/\/brainlit.com\/sv\/wp-json\/wp\/v2\/pages\/12035"}],"wp:attachment":[{"href":"https:\/\/brainlit.com\/sv\/wp-json\/wp\/v2\/media?parent=1062"}],"curies":[{"name":"wp","href":"https:\/\/api.w.org\/{rel}","templated":true}]}}