{"id":12360,"date":"2021-10-29T15:45:25","date_gmt":"2021-10-29T13:45:25","guid":{"rendered":"https:\/\/test2.brainlit.cust.commerz.se\/?page_id=12360"},"modified":"2024-04-08T16:28:54","modified_gmt":"2024-04-08T14:28:54","slug":"other","status":"publish","type":"page","link":"https:\/\/brainlit.com\/sv\/segments\/other\/","title":{"rendered":"Andra segment"},"content":{"rendered":"<div data-elementor-type=\"wp-page\" data-elementor-id=\"12360\" class=\"elementor elementor-12360\" data-elementor-post-type=\"page\">\n\t\t\t\t\t\t<section class=\"elementor-section elementor-top-section elementor-element elementor-element-dd97b3e elementor-section-full_width elementor-section-stretched elementor-section-height-default elementor-section-height-default\" data-id=\"dd97b3e\" data-element_type=\"section\" data-e-type=\"section\" data-settings=\"{&quot;stretch_section&quot;:&quot;section-stretched&quot;}\">\n\t\t\t\t\t\t<div class=\"elementor-container elementor-column-gap-default\">\n\t\t\t\t\t<div class=\"aux-parallax-section elementor-column elementor-col-100 elementor-top-column elementor-element elementor-element-8e93116\" data-id=\"8e93116\" data-element_type=\"column\" data-e-type=\"column\">\n\t\t\t<div class=\"elementor-widget-wrap\">\n\t\t\t\t\t\t\t<\/div>\n\t\t<\/div>\n\t\t\t\t\t<\/div>\n\t\t<\/section>\n\t\t\t\t<section class=\"elementor-section elementor-top-section elementor-element elementor-element-e601f1a elementor-section-full_width elementor-section-stretched elementor-section-height-default elementor-section-height-default\" data-id=\"e601f1a\" data-element_type=\"section\" data-e-type=\"section\" data-settings=\"{&quot;stretch_section&quot;:&quot;section-stretched&quot;,&quot;background_background&quot;:&quot;classic&quot;}\">\n\t\t\t\t\t\t<div class=\"elementor-container elementor-column-gap-default\">\n\t\t\t\t\t<div class=\"aux-parallax-section elementor-column elementor-col-100 elementor-top-column elementor-element elementor-element-4682fa4\" data-id=\"4682fa4\" data-element_type=\"column\" data-e-type=\"column\">\n\t\t\t<div class=\"elementor-widget-wrap elementor-element-populated\">\n\t\t\t\t\t\t<div class=\"elementor-element elementor-element-8140604 elementor-widget elementor-widget-heading\" data-id=\"8140604\" data-element_type=\"widget\" data-e-type=\"widget\" data-widget_type=\"heading.default\">\n\t\t\t\t<div class=\"elementor-widget-container\">\n\t\t\t\t\t<h1 class=\"elementor-heading-title elementor-size-default\">Andra segment<\/h1>\t\t\t\t<\/div>\n\t\t\t\t<\/div>\n\t\t\t\t\t<\/div>\n\t\t<\/div>\n\t\t\t\t\t<\/div>\n\t\t<\/section>\n\t\t\t\t<section class=\"elementor-section elementor-top-section elementor-element elementor-element-387dd4f elementor-section-full_width elementor-section-stretched elementor-hidden-desktop elementor-hidden-tablet elementor-section-height-default elementor-section-height-default\" data-id=\"387dd4f\" data-element_type=\"section\" data-e-type=\"section\" data-settings=\"{&quot;stretch_section&quot;:&quot;section-stretched&quot;}\">\n\t\t\t\t\t\t<div class=\"elementor-container elementor-column-gap-default\">\n\t\t\t\t\t<div class=\"aux-parallax-section elementor-column elementor-col-100 elementor-top-column elementor-element elementor-element-e6e4a2d\" data-id=\"e6e4a2d\" data-element_type=\"column\" data-e-type=\"column\">\n\t\t\t<div class=\"elementor-widget-wrap elementor-element-populated\">\n\t\t\t\t\t\t<div class=\"elementor-element elementor-element-033550d elementor-widget elementor-widget-image\" data-id=\"033550d\" data-element_type=\"widget\" data-e-type=\"widget\" data-widget_type=\"image.default\">\n\t\t\t\t<div class=\"elementor-widget-container\">\n\t\t\t\t\t\t\t\t\t\t\t\t\t\t\t<img fetchpriority=\"high\" decoding=\"async\" width=\"800\" height=\"800\" src=\"https:\/\/brainlit.com\/wp-content\/uploads\/2024\/04\/Other-2.jpg\" class=\"attachment-full size-full wp-image-22472\" alt=\"Student holding books\" srcset=\"https:\/\/brainlit.com\/wp-content\/uploads\/2024\/04\/Other-2.jpg 800w, https:\/\/brainlit.com\/wp-content\/uploads\/2024\/04\/Other-2-300x300.jpg 300w, https:\/\/brainlit.com\/wp-content\/uploads\/2024\/04\/Other-2-150x150.jpg 150w, https:\/\/brainlit.com\/wp-content\/uploads\/2024\/04\/Other-2-768x768.jpg 768w, https:\/\/brainlit.com\/wp-content\/uploads\/2024\/04\/Other-2-12x12.jpg 12w\" sizes=\"(max-width: 800px) 100vw, 800px\" \/>\t\t\t\t\t\t\t\t\t\t\t\t\t\t\t<\/div>\n\t\t\t\t<\/div>\n\t\t\t\t\t<\/div>\n\t\t<\/div>\n\t\t\t\t\t<\/div>\n\t\t<\/section>\n\t\t\t\t<section class=\"elementor-section elementor-top-section elementor-element elementor-element-8e595b2 elementor-section-stretched elementor-section-full_width elementor-section-height-default elementor-section-height-default\" data-id=\"8e595b2\" data-element_type=\"section\" data-e-type=\"section\" data-settings=\"{&quot;stretch_section&quot;:&quot;section-stretched&quot;,&quot;background_background&quot;:&quot;classic&quot;}\">\n\t\t\t\t\t\t<div class=\"elementor-container elementor-column-gap-wide\">\n\t\t\t\t\t<div class=\"aux-parallax-section elementor-column elementor-col-50 elementor-top-column elementor-element elementor-element-683f466\" data-id=\"683f466\" data-element_type=\"column\" data-e-type=\"column\">\n\t\t\t<div class=\"elementor-widget-wrap elementor-element-populated\">\n\t\t\t\t\t\t<div class=\"elementor-element elementor-element-3bb2851 elementor-widget elementor-widget-heading\" data-id=\"3bb2851\" data-element_type=\"widget\" data-e-type=\"widget\" data-widget_type=\"heading.default\">\n\t\t\t\t<div class=\"elementor-widget-container\">\n\t\t\t\t\t<h2 class=\"elementor-heading-title elementor-size-default\">Utbildning<\/h2>\t\t\t\t<\/div>\n\t\t\t\t<\/div>\n\t\t\t\t<div class=\"elementor-element elementor-element-bc1cd1d elementor-widget elementor-widget-text-editor\" data-id=\"bc1cd1d\" data-element_type=\"widget\" data-e-type=\"widget\" data-widget_type=\"text-editor.default\">\n\t\t\t\t<div class=\"elementor-widget-container\">\n\t\t\t\t\t\t\t\t\t<p class=\"p1\">Belysning spelar en nyckelroll f\u00f6r att bidra till att skapa en effektiv och bekv\u00e4m inl\u00e4rningsmilj\u00f6. Biocentrisk belysning kan hj\u00e4lpa elever n\u00e5 deras fulla potential.\u00a0 <a href=\"https:\/\/celinda.templweb.com\/2020\/01\/28\/students-test-results-increase-by-12-thanks-to-the-right-lighting\/\" target=\"_blank\" rel=\"noopener\"><span class=\"s1\">En f\u00e4ltstudie<\/span><\/a> fr\u00e5n en BCL-installation p\u00e5 en skola i Danmark visade en f\u00f6rb\u00e4ttring p\u00e5 12% av resultaten i matematikproven.\u00a0<\/p><p class=\"p1\">S\u00f6mnproblem och f\u00f6rskjuten s\u00f6mnrytm \u00e4r vanligt bland barn och unga vuxna. <a href=\"https:\/\/lup.lub.lu.se\/student-papers\/search\/publication\/8876069\" target=\"_blank\" rel=\"noopener\"><span class=\"s1\">Ett examensarbete fr\u00e5n Lunds universitet<\/span><\/a> unders\u00f6kte s\u00f6mnkvaliteten hos skolungdomar som utsattes f\u00f6r BCL-ljus j\u00e4mf\u00f6rt med vanlig belysning. S\u00f6mnen f\u00f6rb\u00e4ttrades i gruppen med BCL-ljus - med f\u00e4rre nattliga uppvaknanden j\u00e4mf\u00f6rt med gruppen med standardbelysning.<\/p>\t\t\t\t\t\t\t\t<\/div>\n\t\t\t\t<\/div>\n\t\t\t\t<div class=\"elementor-element elementor-element-1b44325 elementor-mobile-align-start elementor-icon-list--layout-traditional elementor-list-item-link-full_width elementor-widget elementor-widget-icon-list\" data-id=\"1b44325\" data-element_type=\"widget\" data-e-type=\"widget\" data-widget_type=\"icon-list.default\">\n\t\t\t\t<div class=\"elementor-widget-container\">\n\t\t\t\t\t\t\t<ul class=\"elementor-icon-list-items\">\n\t\t\t\t\t\t\t<li class=\"elementor-icon-list-item\">\n\t\t\t\t\t\t\t\t\t\t\t<span class=\"elementor-icon-list-icon\">\n\t\t\t\t\t\t\t<i aria-hidden=\"true\" class=\"fas fa-check\"><\/i>\t\t\t\t\t\t<\/span>\n\t\t\t\t\t\t\t\t\t\t<span class=\"elementor-icon-list-text\">F\u00f6rb\u00e4ttra provresultat f\u00f6r elever<\/span>\n\t\t\t\t\t\t\t\t\t<\/li>\n\t\t\t\t\t\t\t\t<li class=\"elementor-icon-list-item\">\n\t\t\t\t\t\t\t\t\t\t\t<span class=\"elementor-icon-list-icon\">\n\t\t\t\t\t\t\t<i aria-hidden=\"true\" class=\"fas fa-check\"><\/i>\t\t\t\t\t\t<\/span>\n\t\t\t\t\t\t\t\t\t\t<span class=\"elementor-icon-list-text\">Fr\u00e4mja kreativitet och produktivitet<\/span>\n\t\t\t\t\t\t\t\t\t<\/li>\n\t\t\t\t\t\t\t\t<li class=\"elementor-icon-list-item\">\n\t\t\t\t\t\t\t\t\t\t\t<span class=\"elementor-icon-list-icon\">\n\t\t\t\t\t\t\t<i aria-hidden=\"true\" class=\"fas fa-check\"><\/i>\t\t\t\t\t\t<\/span>\n\t\t\t\t\t\t\t\t\t\t<span class=\"elementor-icon-list-text\">\u00d6ka v\u00e4lm\u00e5endet<\/span>\n\t\t\t\t\t\t\t\t\t<\/li>\n\t\t\t\t\t\t<\/ul>\n\t\t\t\t\t\t<\/div>\n\t\t\t\t<\/div>\n\t\t\t\t\t<\/div>\n\t\t<\/div>\n\t\t\t\t<div class=\"aux-parallax-section elementor-column elementor-col-50 elementor-top-column elementor-element elementor-element-84f4353\" data-id=\"84f4353\" data-element_type=\"column\" data-e-type=\"column\">\n\t\t\t<div class=\"elementor-widget-wrap elementor-element-populated\">\n\t\t\t\t\t\t<div class=\"elementor-element elementor-element-dcf1a9a elementor-hidden-phone elementor-widget elementor-widget-image\" data-id=\"dcf1a9a\" data-element_type=\"widget\" data-e-type=\"widget\" data-widget_type=\"image.default\">\n\t\t\t\t<div class=\"elementor-widget-container\">\n\t\t\t\t\t\t\t\t\t\t\t\t\t\t\t<img fetchpriority=\"high\" decoding=\"async\" width=\"800\" height=\"800\" src=\"https:\/\/brainlit.com\/wp-content\/uploads\/2024\/04\/Other-2.jpg\" class=\"attachment-full size-full wp-image-22472\" alt=\"Student holding books\" srcset=\"https:\/\/brainlit.com\/wp-content\/uploads\/2024\/04\/Other-2.jpg 800w, https:\/\/brainlit.com\/wp-content\/uploads\/2024\/04\/Other-2-300x300.jpg 300w, https:\/\/brainlit.com\/wp-content\/uploads\/2024\/04\/Other-2-150x150.jpg 150w, https:\/\/brainlit.com\/wp-content\/uploads\/2024\/04\/Other-2-768x768.jpg 768w, https:\/\/brainlit.com\/wp-content\/uploads\/2024\/04\/Other-2-12x12.jpg 12w\" sizes=\"(max-width: 800px) 100vw, 800px\" \/>\t\t\t\t\t\t\t\t\t\t\t\t\t\t\t<\/div>\n\t\t\t\t<\/div>\n\t\t\t\t\t<\/div>\n\t\t<\/div>\n\t\t\t\t\t<\/div>\n\t\t<\/section>\n\t\t\t\t<section class=\"elementor-section elementor-top-section elementor-element elementor-element-ba6519b elementor-section-stretched elementor-section-full_width elementor-section-height-default elementor-section-height-default\" data-id=\"ba6519b\" data-element_type=\"section\" data-e-type=\"section\" data-settings=\"{&quot;stretch_section&quot;:&quot;section-stretched&quot;,&quot;background_background&quot;:&quot;classic&quot;}\">\n\t\t\t\t\t\t<div class=\"elementor-container elementor-column-gap-wide\">\n\t\t\t\t\t<div class=\"aux-parallax-section elementor-column elementor-col-50 elementor-top-column elementor-element elementor-element-03aac8c\" data-id=\"03aac8c\" data-element_type=\"column\" data-e-type=\"column\">\n\t\t\t<div class=\"elementor-widget-wrap elementor-element-populated\">\n\t\t\t\t\t\t<div class=\"elementor-element elementor-element-eab4a8a elementor-widget elementor-widget-image\" data-id=\"eab4a8a\" data-element_type=\"widget\" data-e-type=\"widget\" data-widget_type=\"image.default\">\n\t\t\t\t<div class=\"elementor-widget-container\">\n\t\t\t\t\t\t\t\t\t\t\t\t\t\t\t<img decoding=\"async\" width=\"800\" height=\"800\" src=\"https:\/\/brainlit.com\/wp-content\/uploads\/2024\/04\/Other-3.jpg\" class=\"attachment-full size-full wp-image-22473\" alt=\"\" srcset=\"https:\/\/brainlit.com\/wp-content\/uploads\/2024\/04\/Other-3.jpg 800w, https:\/\/brainlit.com\/wp-content\/uploads\/2024\/04\/Other-3-300x300.jpg 300w, https:\/\/brainlit.com\/wp-content\/uploads\/2024\/04\/Other-3-150x150.jpg 150w, https:\/\/brainlit.com\/wp-content\/uploads\/2024\/04\/Other-3-768x768.jpg 768w, https:\/\/brainlit.com\/wp-content\/uploads\/2024\/04\/Other-3-12x12.jpg 12w\" sizes=\"(max-width: 800px) 100vw, 800px\" \/>\t\t\t\t\t\t\t\t\t\t\t\t\t\t\t<\/div>\n\t\t\t\t<\/div>\n\t\t\t\t\t<\/div>\n\t\t<\/div>\n\t\t\t\t<div class=\"aux-parallax-section elementor-column elementor-col-50 elementor-top-column elementor-element elementor-element-e38a781\" data-id=\"e38a781\" data-element_type=\"column\" data-e-type=\"column\">\n\t\t\t<div class=\"elementor-widget-wrap elementor-element-populated\">\n\t\t\t\t\t\t<div class=\"elementor-element elementor-element-f22497f elementor-widget elementor-widget-heading\" data-id=\"f22497f\" data-element_type=\"widget\" data-e-type=\"widget\" data-widget_type=\"heading.default\">\n\t\t\t\t<div class=\"elementor-widget-container\">\n\t\t\t\t\t<h2 class=\"elementor-heading-title elementor-size-default\">Hotell- och konferens<\/h2>\t\t\t\t<\/div>\n\t\t\t\t<\/div>\n\t\t\t\t<div class=\"elementor-element elementor-element-62a858e elementor-widget elementor-widget-text-editor\" data-id=\"62a858e\" data-element_type=\"widget\" data-e-type=\"widget\" data-widget_type=\"text-editor.default\">\n\t\t\t\t<div class=\"elementor-widget-container\">\n\t\t\t\t\t\t\t\t\t<p class=\"p1\">Ljusmilj\u00f6n kan ha en betydande positiv effekt p\u00e5 hela g\u00e4stupplevelsen. Genom att erbjuda g\u00e4ster och personal m\u00f6jlighet att anpassa sin ljusmilj\u00f6 kan du tillgodose unika behov hos individer som vistas i samma byggnad. <a href=\"https:\/\/celinda.templweb.com\/solutions\/brainlit-alven\/\" target=\"_blank\" rel=\"noopener\"><span class=\"s1\">Alven <\/span><\/a>\u00e4r en l\u00f6sning som kan placeras i gemensamma lokaler som lobbys, receptioner och salonger f\u00f6r att erbjuda g\u00e4sterna \"boost\" eller \"relax\". Belysningsl\u00f6sningen kan dessutom hj\u00e4lpa till att lindra jetlag f\u00f6r g\u00e4ster som reser l\u00e5ngt. P\u00e5 <a href=\"https:\/\/celinda.templweb.com\/2020\/08\/06\/grand-hotel-lund\/\" target=\"_blank\" rel=\"noopener\">Grand Hotel<\/a> i Lund hj\u00e4lper Biocentrisk belysning konferensg\u00e4ster att k\u00e4nna sig piggare.<\/p>\t\t\t\t\t\t\t\t<\/div>\n\t\t\t\t<\/div>\n\t\t\t\t<div class=\"elementor-element elementor-element-0d003d8 elementor-icon-list--layout-traditional elementor-list-item-link-full_width elementor-widget elementor-widget-icon-list\" data-id=\"0d003d8\" data-element_type=\"widget\" data-e-type=\"widget\" data-widget_type=\"icon-list.default\">\n\t\t\t\t<div class=\"elementor-widget-container\">\n\t\t\t\t\t\t\t<ul class=\"elementor-icon-list-items\">\n\t\t\t\t\t\t\t<li class=\"elementor-icon-list-item\">\n\t\t\t\t\t\t\t\t\t\t\t<span class=\"elementor-icon-list-icon\">\n\t\t\t\t\t\t\t<i aria-hidden=\"true\" class=\"fas fa-check\"><\/i>\t\t\t\t\t\t<\/span>\n\t\t\t\t\t\t\t\t\t\t<span class=\"elementor-icon-list-text\">\u00d6ka bekv\u00e4mligheten hos g\u00e4ster och anst\u00e4llda<\/span>\n\t\t\t\t\t\t\t\t\t<\/li>\n\t\t\t\t\t\t\t\t<li class=\"elementor-icon-list-item\">\n\t\t\t\t\t\t\t\t\t\t\t<span class=\"elementor-icon-list-icon\">\n\t\t\t\t\t\t\t<i aria-hidden=\"true\" class=\"fas fa-check\"><\/i>\t\t\t\t\t\t<\/span>\n\t\t\t\t\t\t\t\t\t\t<span class=\"elementor-icon-list-text\">\u00d6ka rumsint\u00e4kter<\/span>\n\t\t\t\t\t\t\t\t\t<\/li>\n\t\t\t\t\t\t\t\t<li class=\"elementor-icon-list-item\">\n\t\t\t\t\t\t\t\t\t\t\t<span class=\"elementor-icon-list-icon\">\n\t\t\t\t\t\t\t<i aria-hidden=\"true\" class=\"fas fa-check\"><\/i>\t\t\t\t\t\t<\/span>\n\t\t\t\t\t\t\t\t\t\t<span class=\"elementor-icon-list-text\">\u00d6kning av \u00e5terkommande bokningar<\/span>\n\t\t\t\t\t\t\t\t\t<\/li>\n\t\t\t\t\t\t<\/ul>\n\t\t\t\t\t\t<\/div>\n\t\t\t\t<\/div>\n\t\t\t\t\t<\/div>\n\t\t<\/div>\n\t\t\t\t\t<\/div>\n\t\t<\/section>\n\t\t\t\t<section class=\"elementor-section elementor-top-section elementor-element elementor-element-48b9437 elementor-section-full_width elementor-section-stretched elementor-hidden-desktop elementor-hidden-tablet elementor-section-height-default elementor-section-height-default\" data-id=\"48b9437\" data-element_type=\"section\" data-e-type=\"section\" data-settings=\"{&quot;stretch_section&quot;:&quot;section-stretched&quot;}\">\n\t\t\t\t\t\t<div class=\"elementor-container elementor-column-gap-default\">\n\t\t\t\t\t<div class=\"aux-parallax-section elementor-column elementor-col-100 elementor-top-column elementor-element elementor-element-0849d73\" data-id=\"0849d73\" data-element_type=\"column\" data-e-type=\"column\">\n\t\t\t<div class=\"elementor-widget-wrap elementor-element-populated\">\n\t\t\t\t\t\t<div class=\"elementor-element elementor-element-d457c72 elementor-widget elementor-widget-image\" data-id=\"d457c72\" data-element_type=\"widget\" data-e-type=\"widget\" data-widget_type=\"image.default\">\n\t\t\t\t<div class=\"elementor-widget-container\">\n\t\t\t\t\t\t\t\t\t\t\t\t\t\t\t<img decoding=\"async\" width=\"800\" height=\"800\" src=\"https:\/\/brainlit.com\/wp-content\/uploads\/2024\/04\/Other-1.jpg\" class=\"attachment-full size-full wp-image-22474\" alt=\"Biocentric lighting in store\" srcset=\"https:\/\/brainlit.com\/wp-content\/uploads\/2024\/04\/Other-1.jpg 800w, https:\/\/brainlit.com\/wp-content\/uploads\/2024\/04\/Other-1-300x300.jpg 300w, https:\/\/brainlit.com\/wp-content\/uploads\/2024\/04\/Other-1-150x150.jpg 150w, https:\/\/brainlit.com\/wp-content\/uploads\/2024\/04\/Other-1-768x768.jpg 768w, https:\/\/brainlit.com\/wp-content\/uploads\/2024\/04\/Other-1-12x12.jpg 12w\" sizes=\"(max-width: 800px) 100vw, 800px\" \/>\t\t\t\t\t\t\t\t\t\t\t\t\t\t\t<\/div>\n\t\t\t\t<\/div>\n\t\t\t\t\t<\/div>\n\t\t<\/div>\n\t\t\t\t\t<\/div>\n\t\t<\/section>\n\t\t\t\t<section class=\"elementor-section elementor-top-section elementor-element elementor-element-c833338 elementor-section-stretched elementor-section-full_width elementor-section-height-default elementor-section-height-default\" data-id=\"c833338\" data-element_type=\"section\" data-e-type=\"section\" data-settings=\"{&quot;stretch_section&quot;:&quot;section-stretched&quot;,&quot;background_background&quot;:&quot;classic&quot;}\">\n\t\t\t\t\t\t<div class=\"elementor-container elementor-column-gap-wide\">\n\t\t\t\t\t<div class=\"aux-parallax-section elementor-column elementor-col-50 elementor-top-column elementor-element elementor-element-440f132\" data-id=\"440f132\" data-element_type=\"column\" data-e-type=\"column\">\n\t\t\t<div class=\"elementor-widget-wrap elementor-element-populated\">\n\t\t\t\t\t\t<div class=\"elementor-element elementor-element-3ca9b45 elementor-widget elementor-widget-heading\" data-id=\"3ca9b45\" data-element_type=\"widget\" data-e-type=\"widget\" data-widget_type=\"heading.default\">\n\t\t\t\t<div class=\"elementor-widget-container\">\n\t\t\t\t\t<h2 class=\"elementor-heading-title elementor-size-default\">Detaljhandel<\/h2>\t\t\t\t<\/div>\n\t\t\t\t<\/div>\n\t\t\t\t<div class=\"elementor-element elementor-element-07dc16f elementor-widget elementor-widget-text-editor\" data-id=\"07dc16f\" data-element_type=\"widget\" data-e-type=\"widget\" data-widget_type=\"text-editor.default\">\n\t\t\t\t<div class=\"elementor-widget-container\">\n\t\t\t\t\t\t\t\t\t<p class=\"p1\">Detaljhandelsv\u00e4rlden genomg\u00e5r en enorm f\u00f6r\u00e4ndring. Mer \u00e4n n\u00e5gonsin tidigare ligger fokus p\u00e5 att skapa unika och effektiva shoppingupplevelser. Belysningen m\u00e5ste skapa f\u00f6rh\u00e5llanden som motiverar personalen och fr\u00e4mjar h\u00e4lsan, samtidigt som den st\u00f6der kundupplevelsen.<\/p><p class=\"p1\">Vi rekommenderar en <a href=\"https:\/\/celinda.templweb.com\/solutions\/customized\/\" target=\"_blank\" rel=\"noopener\">skr\u00e4ddarsydd l\u00f6sning<\/a> f\u00f6r att tillgodose just ditt f\u00f6retags behov.\u00a0<\/p>\t\t\t\t\t\t\t\t<\/div>\n\t\t\t\t<\/div>\n\t\t\t\t<div class=\"elementor-element elementor-element-ea67124 elementor-icon-list--layout-traditional elementor-list-item-link-full_width elementor-widget elementor-widget-icon-list\" data-id=\"ea67124\" data-element_type=\"widget\" data-e-type=\"widget\" data-widget_type=\"icon-list.default\">\n\t\t\t\t<div class=\"elementor-widget-container\">\n\t\t\t\t\t\t\t<ul class=\"elementor-icon-list-items\">\n\t\t\t\t\t\t\t<li class=\"elementor-icon-list-item\">\n\t\t\t\t\t\t\t\t\t\t\t<span class=\"elementor-icon-list-icon\">\n\t\t\t\t\t\t\t<i aria-hidden=\"true\" class=\"fas fa-check\"><\/i>\t\t\t\t\t\t<\/span>\n\t\t\t\t\t\t\t\t\t\t<span class=\"elementor-icon-list-text\">F\u00f6rb\u00e4ttra shoppingupplevelsen<\/span>\n\t\t\t\t\t\t\t\t\t<\/li>\n\t\t\t\t\t\t\t\t<li class=\"elementor-icon-list-item\">\n\t\t\t\t\t\t\t\t\t\t\t<span class=\"elementor-icon-list-icon\">\n\t\t\t\t\t\t\t<i aria-hidden=\"true\" class=\"fas fa-check\"><\/i>\t\t\t\t\t\t<\/span>\n\t\t\t\t\t\t\t\t\t\t<span class=\"elementor-icon-list-text\">F\u00e5 en exakt f\u00e4rg\u00e5tergivning i din lokal<\/span>\n\t\t\t\t\t\t\t\t\t<\/li>\n\t\t\t\t\t\t\t\t<li class=\"elementor-icon-list-item\">\n\t\t\t\t\t\t\t\t\t\t\t<span class=\"elementor-icon-list-icon\">\n\t\t\t\t\t\t\t<i aria-hidden=\"true\" class=\"fas fa-check\"><\/i>\t\t\t\t\t\t<\/span>\n\t\t\t\t\t\t\t\t\t\t<span class=\"elementor-icon-list-text\">B\u00e4ttre kundupplevelse<\/span>\n\t\t\t\t\t\t\t\t\t<\/li>\n\t\t\t\t\t\t<\/ul>\n\t\t\t\t\t\t<\/div>\n\t\t\t\t<\/div>\n\t\t\t\t\t<\/div>\n\t\t<\/div>\n\t\t\t\t<div class=\"aux-parallax-section elementor-column elementor-col-50 elementor-top-column elementor-element elementor-element-8497e44\" data-id=\"8497e44\" data-element_type=\"column\" data-e-type=\"column\">\n\t\t\t<div class=\"elementor-widget-wrap elementor-element-populated\">\n\t\t\t\t\t\t<div class=\"elementor-element elementor-element-5480303 elementor-hidden-phone elementor-widget elementor-widget-image\" data-id=\"5480303\" data-element_type=\"widget\" data-e-type=\"widget\" data-widget_type=\"image.default\">\n\t\t\t\t<div class=\"elementor-widget-container\">\n\t\t\t\t\t\t\t\t\t\t\t\t\t\t\t<img decoding=\"async\" width=\"800\" height=\"800\" src=\"https:\/\/brainlit.com\/wp-content\/uploads\/2024\/04\/Other-1.jpg\" class=\"attachment-full size-full wp-image-22474\" alt=\"Biocentric lighting in store\" srcset=\"https:\/\/brainlit.com\/wp-content\/uploads\/2024\/04\/Other-1.jpg 800w, https:\/\/brainlit.com\/wp-content\/uploads\/2024\/04\/Other-1-300x300.jpg 300w, https:\/\/brainlit.com\/wp-content\/uploads\/2024\/04\/Other-1-150x150.jpg 150w, https:\/\/brainlit.com\/wp-content\/uploads\/2024\/04\/Other-1-768x768.jpg 768w, https:\/\/brainlit.com\/wp-content\/uploads\/2024\/04\/Other-1-12x12.jpg 12w\" sizes=\"(max-width: 800px) 100vw, 800px\" \/>\t\t\t\t\t\t\t\t\t\t\t\t\t\t\t<\/div>\n\t\t\t\t<\/div>\n\t\t\t\t\t<\/div>\n\t\t<\/div>\n\t\t\t\t\t<\/div>\n\t\t<\/section>\n\t\t\t\t<section class=\"elementor-section elementor-top-section elementor-element elementor-element-3365238 elementor-section-stretched elementor-section-boxed elementor-section-height-default elementor-section-height-default\" data-id=\"3365238\" data-element_type=\"section\" data-e-type=\"section\" data-settings=\"{&quot;stretch_section&quot;:&quot;section-stretched&quot;,&quot;background_background&quot;:&quot;classic&quot;}\">\n\t\t\t\t\t\t<div class=\"elementor-container elementor-column-gap-wide\">\n\t\t\t\t\t<div class=\"aux-parallax-section elementor-column elementor-col-100 elementor-top-column elementor-element elementor-element-28df7f1\" data-id=\"28df7f1\" data-element_type=\"column\" data-e-type=\"column\">\n\t\t\t<div class=\"elementor-widget-wrap elementor-element-populated\">\n\t\t\t\t\t\t<div class=\"elementor-element elementor-element-3f5fe04 elementor-widget elementor-widget-heading\" data-id=\"3f5fe04\" data-element_type=\"widget\" data-e-type=\"widget\" data-widget_type=\"heading.default\">\n\t\t\t\t<div class=\"elementor-widget-container\">\n\t\t\t\t\t<h2 class=\"elementor-heading-title elementor-size-default\">Material att ladda ner<\/h2>\t\t\t\t<\/div>\n\t\t\t\t<\/div>\n\t\t\t\t<div class=\"elementor-element elementor-element-742677a elementor-align-start elementor-icon-list--layout-traditional elementor-list-item-link-full_width elementor-widget elementor-widget-icon-list\" data-id=\"742677a\" data-element_type=\"widget\" data-e-type=\"widget\" data-widget_type=\"icon-list.default\">\n\t\t\t\t<div class=\"elementor-widget-container\">\n\t\t\t\t\t\t\t<ul class=\"elementor-icon-list-items\">\n\t\t\t\t\t\t\t<li class=\"elementor-icon-list-item\">\n\t\t\t\t\t\t\t\t\t\t\t<a href=\"https:\/\/test2.brainlit.cust.commerz.se\/wp-content\/uploads\/2022\/01\/WP-Education_26-01-2021_compressed.pdf\" target=\"_blank\" rel=\"noopener\">\n\n\t\t\t\t\t\t\t\t\t\t\t\t<span class=\"elementor-icon-list-icon\">\n\t\t\t\t\t\t\t<i aria-hidden=\"true\" class=\"far fa-file-pdf\"><\/i>\t\t\t\t\t\t<\/span>\n\t\t\t\t\t\t\t\t\t\t<span class=\"elementor-icon-list-text\">BioCentric Lighting i utbildningen<\/span>\n\t\t\t\t\t\t\t\t\t\t\t<\/a>\n\t\t\t\t\t\t\t\t\t<\/li>\n\t\t\t\t\t\t\t\t<li class=\"elementor-icon-list-item\">\n\t\t\t\t\t\t\t\t\t\t\t<a href=\"https:\/\/brainlit.com\/wp-content\/uploads\/2022\/01\/BL_WP_Retail_06-04-2021_compressed.pdf\">\n\n\t\t\t\t\t\t\t\t\t\t\t\t<span class=\"elementor-icon-list-icon\">\n\t\t\t\t\t\t\t<i aria-hidden=\"true\" class=\"far fa-file-pdf\"><\/i>\t\t\t\t\t\t<\/span>\n\t\t\t\t\t\t\t\t\t\t<span class=\"elementor-icon-list-text\">BioCentric Lighting i detaljhandeln<\/span>\n\t\t\t\t\t\t\t\t\t\t\t<\/a>\n\t\t\t\t\t\t\t\t\t<\/li>\n\t\t\t\t\t\t<\/ul>\n\t\t\t\t\t\t<\/div>\n\t\t\t\t<\/div>\n\t\t\t\t\t<\/div>\n\t\t<\/div>\n\t\t\t\t\t<\/div>\n\t\t<\/section>\n\t\t\t\t<\/div>","protected":false},"excerpt":{"rendered":"<p>Andra aff\u00e4rssegment. Uppt\u00e4ck hur BrainLit BioCentric Lighting\u2122 kan anv\u00e4ndas inom utbildning, hotell och restaurang, detaljhandel och mycket mer.<\/p>","protected":false},"author":2,"featured_media":0,"parent":564,"menu_order":0,"comment_status":"closed","ping_status":"closed","template":"","meta":{"footnotes":""},"class_list":["post-12360","page","type-page","status-publish","hentry"],"_links":{"self":[{"href":"https:\/\/brainlit.com\/sv\/wp-json\/wp\/v2\/pages\/12360","targetHints":{"allow":["GET"]}}],"collection":[{"href":"https:\/\/brainlit.com\/sv\/wp-json\/wp\/v2\/pages"}],"about":[{"href":"https:\/\/brainlit.com\/sv\/wp-json\/wp\/v2\/types\/page"}],"author":[{"embeddable":true,"href":"https:\/\/brainlit.com\/sv\/wp-json\/wp\/v2\/users\/2"}],"replies":[{"embeddable":true,"href":"https:\/\/brainlit.com\/sv\/wp-json\/wp\/v2\/comments?post=12360"}],"version-history":[{"count":0,"href":"https:\/\/brainlit.com\/sv\/wp-json\/wp\/v2\/pages\/12360\/revisions"}],"up":[{"embeddable":true,"href":"https:\/\/brainlit.com\/sv\/wp-json\/wp\/v2\/pages\/564"}],"wp:attachment":[{"href":"https:\/\/brainlit.com\/sv\/wp-json\/wp\/v2\/media?parent=12360"}],"curies":[{"name":"wp","href":"https:\/\/api.w.org\/{rel}","templated":true}]}}