{"id":17199,"date":"2022-05-23T13:52:40","date_gmt":"2022-05-23T11:52:40","guid":{"rendered":"https:\/\/brainlit.com\/?page_id=17199"},"modified":"2023-03-21T14:43:28","modified_gmt":"2023-03-21T13:43:28","slug":"terms-of-purchase","status":"publish","type":"page","link":"https:\/\/brainlit.com\/sv\/terms-of-purchase\/","title":{"rendered":"K\u00f6pvillkor"},"content":{"rendered":"<div data-elementor-type=\"wp-page\" data-elementor-id=\"17199\" class=\"elementor elementor-17199\" data-elementor-post-type=\"page\">\n\t\t\t\t\t\t<section class=\"elementor-section elementor-top-section elementor-element elementor-element-22487cc elementor-section-full_width elementor-section-stretched elementor-section-height-default elementor-section-height-default\" data-id=\"22487cc\" data-element_type=\"section\" data-e-type=\"section\" data-settings=\"{&quot;stretch_section&quot;:&quot;section-stretched&quot;}\">\n\t\t\t\t\t\t<div class=\"elementor-container elementor-column-gap-default\">\n\t\t\t\t\t<div class=\"aux-parallax-section elementor-column elementor-col-100 elementor-top-column elementor-element elementor-element-dbdb36c\" data-id=\"dbdb36c\" data-element_type=\"column\" data-e-type=\"column\">\n\t\t\t<div class=\"elementor-widget-wrap elementor-element-populated\">\n\t\t\t\t\t\t<div class=\"elementor-element elementor-element-6995fb2 elementor-widget elementor-widget-heading\" data-id=\"6995fb2\" data-element_type=\"widget\" data-e-type=\"widget\" data-widget_type=\"heading.default\">\n\t\t\t\t<div class=\"elementor-widget-container\">\n\t\t\t\t\t<h1 class=\"elementor-heading-title elementor-size-default\">K\u00f6pvillkor<\/h1>\t\t\t\t<\/div>\n\t\t\t\t<\/div>\n\t\t\t\t\t<\/div>\n\t\t<\/div>\n\t\t\t\t\t<\/div>\n\t\t<\/section>\n\t\t\t\t<section class=\"elementor-section elementor-top-section elementor-element elementor-element-5a46ee1 elementor-section-stretched elementor-section-boxed elementor-section-height-default elementor-section-height-default\" data-id=\"5a46ee1\" data-element_type=\"section\" data-e-type=\"section\" data-settings=\"{&quot;stretch_section&quot;:&quot;section-stretched&quot;}\">\n\t\t\t\t\t\t<div class=\"elementor-container elementor-column-gap-default\">\n\t\t\t\t\t<div class=\"aux-parallax-section elementor-column elementor-col-100 elementor-top-column elementor-element elementor-element-8af8fcf\" data-id=\"8af8fcf\" data-element_type=\"column\" data-e-type=\"column\">\n\t\t\t<div class=\"elementor-widget-wrap elementor-element-populated\">\n\t\t\t\t\t\t<div class=\"elementor-element elementor-element-bf289dc elementor-widget elementor-widget-heading\" data-id=\"bf289dc\" data-element_type=\"widget\" data-e-type=\"widget\" data-widget_type=\"heading.default\">\n\t\t\t\t<div class=\"elementor-widget-container\">\n\t\t\t\t\t<h2 class=\"elementor-heading-title elementor-size-default\">Allm\u00e4nt<\/h2>\t\t\t\t<\/div>\n\t\t\t\t<\/div>\n\t\t\t\t<div class=\"elementor-element elementor-element-55180c9 elementor-widget elementor-widget-text-editor\" data-id=\"55180c9\" data-element_type=\"widget\" data-e-type=\"widget\" data-widget_type=\"text-editor.default\">\n\t\t\t\t<div class=\"elementor-widget-container\">\n\t\t\t\t\t\t\t\t\t<p>Webbplatsen www.shop-se.brainlit.com (\"webbplatsen\")<strong>Webbplats<\/strong>\") tillhandah\u00e5lls av Brainlit AB (\"<strong>vi<\/strong>&#8220;, &#8220;<strong>oss<\/strong>\" eller \"<strong>Brainlit<\/strong>\"), Scheelev\u00e4gen 34, 223 63 Lund, org.nr 556902-2014, momsregistreringsnummer SE556902201401.<\/p><p>Dessa allm\u00e4nna villkor (de \"<strong>Villkor<\/strong>\") g\u00e4ller f\u00f6r k\u00f6p som g\u00f6rs p\u00e5 webbplatsen. Genom att bes\u00f6ka och\/eller att g\u00f6ra en best\u00e4llning p\u00e5 Webbplatsen accepterar du och samtycker till inneh\u00e5llet i Villkoren. F\u00f6rs\u00e4kra dig om att du har l\u00e4st igenom och f\u00f6rst\u00e5tt Villkoren innan du g\u00f6r din best\u00e4llning.<\/p><p>Vi f\u00f6rbeh\u00e5ller oss r\u00e4tten att \u00e4ndra Villkoren utan att meddela dig i f\u00f6rv\u00e4g, genom att l\u00e4gga upp nya Villkor p\u00e5 Webbplatsen. Den version av Villkoren som g\u00e4ller f\u00f6r din best\u00e4llning \u00e4r den version som finns tillg\u00e4nglig p\u00e5 Webbplatsen n\u00e4r du g\u00f6r din best\u00e4llning.<\/p><p>De h\u00e4r Villkoren begr\u00e4nsar inte dina lagstadgade r\u00e4ttigheter. Om du tillf\u00f6rs\u00e4kras mer l\u00e5ngtg\u00e5ende r\u00e4ttigheter genom lag \u00e4n vad som framg\u00e5r av Villkoren, kan du alltid anv\u00e4nda dig av dina lagstadgade r\u00e4ttigheter.<\/p>\t\t\t\t\t\t\t\t<\/div>\n\t\t\t\t<\/div>\n\t\t\t\t<div class=\"elementor-element elementor-element-edda16b elementor-widget elementor-widget-heading\" data-id=\"edda16b\" data-element_type=\"widget\" data-e-type=\"widget\" data-widget_type=\"heading.default\">\n\t\t\t\t<div class=\"elementor-widget-container\">\n\t\t\t\t\t<h2 class=\"elementor-heading-title elementor-size-default\">Best\u00e4llningar och betalning<\/h2>\t\t\t\t<\/div>\n\t\t\t\t<\/div>\n\t\t\t\t<div class=\"elementor-element elementor-element-d82cb2e elementor-widget elementor-widget-text-editor\" data-id=\"d82cb2e\" data-element_type=\"widget\" data-e-type=\"widget\" data-widget_type=\"text-editor.default\">\n\t\t\t\t<div class=\"elementor-widget-container\">\n\t\t\t\t\t\t\t\t\t<p>Du m\u00e5ste vara minst 18 \u00e5r f\u00f6r att handla p\u00e5 Webbplatsen. N\u00e4r du l\u00e4gger en order kommer du att f\u00e5 ett e-postmeddelande som bekr\u00e4ftar att vi tagit emot din best\u00e4llning. E-postmeddelandet bekr\u00e4ftar bara att vi har tagit emot din best\u00e4llning och \u00e4r inte ett godk\u00e4nnande av din best\u00e4llning. Sj\u00e4lva k\u00f6peavtalet ing\u00e5s f\u00f6rst n\u00e4r din betalning har godk\u00e4nts och din best\u00e4llning har administrerats av oss. Vi f\u00f6rbeh\u00e5ller oss r\u00e4tten att inte godk\u00e4nna din best\u00e4llning, oavsett anledning. Vi f\u00f6rbeh\u00e5ller oss ocks\u00e5 r\u00e4tten att annullera en godk\u00e4nd best\u00e4llning om varan du har best\u00e4llt inte finns i lager, dina fakturauppgifter \u00e4r felaktiga, vi inte kan leverera till den angivna leveransadressen, det har angetts fel pris f\u00f6r varan p\u00e5 Webbplatsen, vi har anledning att misst\u00e4nka bedr\u00e4geri, du \u00e4r under 18 \u00e5r, eller till f\u00f6ljd av Force Majeure-h\u00e4ndelse (se nedan).<\/p><p>Om vi nekar eller annullerar din best\u00e4llning s\u00e5 kommer vi att kontakta dig och, om m\u00f6jligt, g\u00f6ra v\u00e5rt b\u00e4sta f\u00f6r att hitta en alternativ l\u00f6sning.<\/p><p>Du har r\u00e4tt att annullera din best\u00e4llning fram tills att den har packats och skickats. Om du \u00e4ndrar dig eller vill annullera din best\u00e4llning av n\u00e5gon anledning, kontakta v\u00e5r kundservice och ha ditt ordernummer tillg\u00e4ngligt.<\/p><p>Vi erbjuder s\u00e4ker betalning genom de betalningsl\u00f6sningar som fr\u00e5n tid till annan tillhandah\u00e5lls av Klarna och kortleverant\u00f6rer. Brainlit har aldrig tillg\u00e5ng till betalningsuppgifter du uppger (t.ex. kortinformation). Observera att Klarna till\u00e4mpar egna villkor f\u00f6r betalningen, som du hittar<a href=\"https:\/\/www.klarna.com\/se\/villkor\/\" target=\"_blank\" rel=\"noopener\"> h\u00e4r.<\/a><\/p>\t\t\t\t\t\t\t\t<\/div>\n\t\t\t\t<\/div>\n\t\t\t\t<div class=\"elementor-element elementor-element-e7d5dc8 elementor-widget elementor-widget-heading\" data-id=\"e7d5dc8\" data-element_type=\"widget\" data-e-type=\"widget\" data-widget_type=\"heading.default\">\n\t\t\t\t<div class=\"elementor-widget-container\">\n\t\t\t\t\t<h2 class=\"elementor-heading-title elementor-size-default\">Priser och moms<\/h2>\t\t\t\t<\/div>\n\t\t\t\t<\/div>\n\t\t\t\t<div class=\"elementor-element elementor-element-d270149 elementor-widget elementor-widget-text-editor\" data-id=\"d270149\" data-element_type=\"widget\" data-e-type=\"widget\" data-widget_type=\"text-editor.default\">\n\t\t\t\t<div class=\"elementor-widget-container\">\n\t\t\t\t\t\t\t\t\t<p>Alla priser p\u00e5 Webbplatsen \u00e4r inklusive merv\u00e4rdesskatt (moms) och exklusive eventuella leveranskostnader.<\/p><p>Vi f\u00f6rbeh\u00e5ller oss r\u00e4tten att \u00e4ndra priserna p\u00e5 Webbplatsen utan f\u00f6reg\u00e5ende meddelande.<\/p>\t\t\t\t\t\t\t\t<\/div>\n\t\t\t\t<\/div>\n\t\t\t\t<div class=\"elementor-element elementor-element-c21d137 elementor-widget elementor-widget-heading\" data-id=\"c21d137\" data-element_type=\"widget\" data-e-type=\"widget\" data-widget_type=\"heading.default\">\n\t\t\t\t<div class=\"elementor-widget-container\">\n\t\t\t\t\t<h2 class=\"elementor-heading-title elementor-size-default\">Leverans<\/h2>\t\t\t\t<\/div>\n\t\t\t\t<\/div>\n\t\t\t\t<div class=\"elementor-element elementor-element-2d0fb6d elementor-widget elementor-widget-text-editor\" data-id=\"2d0fb6d\" data-element_type=\"widget\" data-e-type=\"widget\" data-widget_type=\"text-editor.default\">\n\t\t\t\t<div class=\"elementor-widget-container\">\n\t\t\t\t\t\t\t\t\t<p>Fraktkostnad tillkommer med 595 kr vid k\u00f6p upp till 35 000 kr. Vid k\u00f6p mellan 35 001 kr och 55 000 kr \u00e4r fraktkostnaden 995 kr. Vid k\u00f6p \u00f6ver 55 000 kr \u00e4r det fraktfritt. Observera att vi endast levererar till adresser i Sverige.<\/p><p>Best\u00e4llningar som \u00e4r gjorda p\u00e5 Webbplatsen skickas fr\u00e5n Brainlits lager i Lund med DHL. Vi skickar best\u00e4llningar varje arbetsdag och f\u00f6rs\u00f6ker leverera din best\u00e4llning s\u00e5 snabbt som m\u00f6jligt. Normal leveranstid \u00e4r 2-5 arbetsdagar fr\u00e5n att du har f\u00e5tt din best\u00e4llningsbekr\u00e4ftelse. F\u00f6r att undvika leveransf\u00f6rseningar, s\u00e4kerst\u00e4ll att du anger korrekt leveransinformation. Om du har n\u00e5gra fr\u00e5gor om din leverans kontakta oss p\u00e5 info@brainlit.com.<\/p>\t\t\t\t\t\t\t\t<\/div>\n\t\t\t\t<\/div>\n\t\t\t\t<div class=\"elementor-element elementor-element-ef8c2e0 elementor-widget elementor-widget-heading\" data-id=\"ef8c2e0\" data-element_type=\"widget\" data-e-type=\"widget\" data-widget_type=\"heading.default\">\n\t\t\t\t<div class=\"elementor-widget-container\">\n\t\t\t\t\t<h2 class=\"elementor-heading-title elementor-size-default\">\u00c5ngerr\u00e4tt<\/h2>\t\t\t\t<\/div>\n\t\t\t\t<\/div>\n\t\t\t\t<div class=\"elementor-element elementor-element-f65739c elementor-widget elementor-widget-text-editor\" data-id=\"f65739c\" data-element_type=\"widget\" data-e-type=\"widget\" data-widget_type=\"text-editor.default\">\n\t\t\t\t<div class=\"elementor-widget-container\">\n\t\t\t\t\t\t\t\t\t<p>Som konsument (ej f\u00f6r f\u00f6retag) har du en lagstadgad \u00e5ngerr\u00e4tt som inneb\u00e4r att du har r\u00e4tt att fr\u00e5ntr\u00e4da avtalet (dvs. ett k\u00f6p du har gjort p\u00e5 Webbplatsen) utan att ange n\u00e5got sk\u00e4l inom 14 dagar. \u00c5ngerfristen l\u00f6per ut 14 dagar efter dag d\u00e5 du eller n\u00e5gon tredje part, dock ej transportf\u00f6retaget, som du anger, tar varan i fysisk besittning (om din best\u00e4llning levereras i separata f\u00f6rs\u00e4ndelser ber\u00e4knas tidsgr\u00e4nsen fr\u00e5n dag d\u00e5 du eller n\u00e5gon tredje part, dock ej transportf\u00f6retaget, som du anger, tar den sista f\u00f6rs\u00e4ndelsen i fysisk besittning).<\/p><p>Vill du ut\u00f6va \u00e5ngerr\u00e4tten ska du skicka oss ett klart och tydligt meddelande om ditt beslut att fr\u00e5ntr\u00e4da avtalet (t.ex. ett brev avs\u00e4nt per post eller e-post).<\/p><p>F\u00f6r att du ska hinna ut\u00f6va din \u00e5ngerr\u00e4tt i tid r\u00e4cker det med att du s\u00e4nder in ditt meddelande om att du t\u00e4nker ut\u00f6va \u00e5ngerr\u00e4tten innan \u00e5ngerfristen g\u00e5tt ut.<\/p><p>Om du fr\u00e5ntr\u00e4der detta avtal kommer vi att betala tillbaka alla betalningar vi f\u00e5tt fr\u00e5n dig, bland dem ocks\u00e5 leveranskostnader (men d\u00e5 r\u00e4knas inte extra leveranskostnader till f\u00f6ljd av att du valt n\u00e5got annat leveranss\u00e4tt \u00e4n den billigaste standardleverans vi erbjuder). \u00c5terbetalningen kommer att ske utan on\u00f6digt dr\u00f6jsm\u00e5l och i vilket fall som helst senast 14 dagar fr\u00e5n och med den dag d\u00e5 vi underr\u00e4ttades om ditt beslut att fr\u00e5ntr\u00e4da avtalet. Vi kommer att anv\u00e4nda samma betalningsmedel f\u00f6r \u00e5terbetalningen som du sj\u00e4lv har anv\u00e4nt f\u00f6r den inledande aff\u00e4rsh\u00e4ndelsen, om du inte uttryckligen kommit \u00f6verens med oss om n\u00e5got annat. I vilket fall som helst kommer \u00e5terbetalningen inte att kosta dig n\u00e5got. Vi f\u00e5r v\u00e4nta med \u00e5terbetalningen tills vi f\u00e5tt tillbaka varan fr\u00e5n dig eller tills du s\u00e4nt in ett bevis p\u00e5 att du \u00e5ters\u00e4nt varan, beroende p\u00e5 vilket som intr\u00e4ffar f\u00f6rst.<\/p><p>Du ska \u00e5ters\u00e4nda varan till oss utan on\u00f6digt dr\u00f6jsm\u00e5l och i vart fall senast 14 dagar efter den dag d\u00e5 du meddelat oss om ditt beslut att fr\u00e5ntr\u00e4da avtalet. \u00c5ngerfristen ska anses ha iakttagits om du skickar tillbaka varorna innan denna fjortondagarsperiod l\u00f6pt ut.<\/p><p>Du bekostar sj\u00e4lv de direkta kostnaderna f\u00f6r \u00e5ters\u00e4ndandet av varan.<\/p><p>Du \u00e4r ansvarig endast f\u00f6r varornas minskade v\u00e4rde till f\u00f6ljd av annan hantering \u00e4n vad som \u00e4r n\u00f6dv\u00e4ndigt f\u00f6r att fastst\u00e4lla varornas art, egenskaper och funktion.<\/p>\t\t\t\t\t\t\t\t<\/div>\n\t\t\t\t<\/div>\n\t\t\t\t<div class=\"elementor-element elementor-element-cdea2c5 elementor-widget elementor-widget-heading\" data-id=\"cdea2c5\" data-element_type=\"widget\" data-e-type=\"widget\" data-widget_type=\"heading.default\">\n\t\t\t\t<div class=\"elementor-widget-container\">\n\t\t\t\t\t<h2 class=\"elementor-heading-title elementor-size-default\">Byten<\/h2>\t\t\t\t<\/div>\n\t\t\t\t<\/div>\n\t\t\t\t<div class=\"elementor-element elementor-element-ef5b799 elementor-widget elementor-widget-text-editor\" data-id=\"ef5b799\" data-element_type=\"widget\" data-e-type=\"widget\" data-widget_type=\"text-editor.default\">\n\t\t\t\t<div class=\"elementor-widget-container\">\n\t\t\t\t\t\t\t\t\t<p>Om du vill byta varan du best\u00e4llt mot en annan produkt, beh\u00f6ver du \u00e5ngra ditt k\u00f6p och best\u00e4lla en ny vara i enlighet med dina \u00f6nskem\u00e5l. Du kan ocks\u00e5 kontakta v\u00e5r kundservice s\u00e5 hj\u00e4lper vi dig.<\/p>\t\t\t\t\t\t\t\t<\/div>\n\t\t\t\t<\/div>\n\t\t\t\t<div class=\"elementor-element elementor-element-92be7f9 elementor-widget elementor-widget-heading\" data-id=\"92be7f9\" data-element_type=\"widget\" data-e-type=\"widget\" data-widget_type=\"heading.default\">\n\t\t\t\t<div class=\"elementor-widget-container\">\n\t\t\t\t\t<h2 class=\"elementor-heading-title elementor-size-default\">Reklamation<\/h2>\t\t\t\t<\/div>\n\t\t\t\t<\/div>\n\t\t\t\t<div class=\"elementor-element elementor-element-2717b77 elementor-widget elementor-widget-text-editor\" data-id=\"2717b77\" data-element_type=\"widget\" data-e-type=\"widget\" data-widget_type=\"text-editor.default\">\n\t\t\t\t<div class=\"elementor-widget-container\">\n\t\t\t\t\t\t\t\t\t<p>Du har r\u00e4tt att returnera en vara som, n\u00e4r den levereras, \u00e4r felaktig eller inte st\u00e4mmer \u00f6verens med din best\u00e4llning. Om du f\u00e5r en felaktig vara beh\u00f6ver du kontakta oss och l\u00e4mna oss meddelande om felet s\u00e5 snart som m\u00f6jligt, dock inte senare \u00e4n inom tv\u00e5 m\u00e5nader efter att du m\u00e4rkt (eller borde ha m\u00e4rkt) felet.<\/p><p>Brainlit ansvarar f\u00f6r fel som finns vid leveranstidpunkten och som du reklamerar till oss inom tre \u00e5r (tv\u00e5 \u00e5r f\u00f6r f\u00f6retag) fr\u00e5n att varan \u00f6verl\u00e4mnades. Ett fel som visar sig inom sex m\u00e5nader efter det att varan avl\u00e4mnades ska anses ha funnits vid avl\u00e4mnandet, om inte annat visas eller detta \u00e4r of\u00f6renligt med varans eller felets art.<\/p><p>Om du returnerar en vara som du bed\u00f6mer \u00e4r felaktig kommer vi att unders\u00f6ka varan och \u2013 om vi \u00e4r eniga i att varan \u00e4r felaktig \u2013 antingen reparera, ers\u00e4tta eller \u00e5terbetala varans till dig, enligt v\u00e5r preferens.<\/p><p>V\u00e4nligen kontakta v\u00e5r kundtj\u00e4nst om du vill reklamera en vara.<\/p>\t\t\t\t\t\t\t\t<\/div>\n\t\t\t\t<\/div>\n\t\t\t\t<div class=\"elementor-element elementor-element-2126454 elementor-widget elementor-widget-heading\" data-id=\"2126454\" data-element_type=\"widget\" data-e-type=\"widget\" data-widget_type=\"heading.default\">\n\t\t\t\t<div class=\"elementor-widget-container\">\n\t\t\t\t\t<h2 class=\"elementor-heading-title elementor-size-default\">Force Majeure<\/h2>\t\t\t\t<\/div>\n\t\t\t\t<\/div>\n\t\t\t\t<div class=\"elementor-element elementor-element-b410e90 elementor-widget elementor-widget-text-editor\" data-id=\"b410e90\" data-element_type=\"widget\" data-e-type=\"widget\" data-widget_type=\"text-editor.default\">\n\t\t\t\t<div class=\"elementor-widget-container\">\n\t\t\t\t\t\t\t\t\t<p>Brainlit ansvarar inte f\u00f6r underl\u00e5tenhet eller f\u00f6rsening av fullg\u00f6relse av sina skyldigheter om s\u00e5dan f\u00f6rsening eller underl\u00e5tenhet orsakas av en h\u00e4ndelse utanf\u00f6r v\u00e5r rimliga kontroll, inkluderat men inte begr\u00e4nsat till \u00f6versv\u00e4mning, eldsv\u00e5da, jordb\u00e4vning, strejk eller annan arbetskonflikt, olycka, epidemi, pandemi, krig eller krigsh\u00e4ndelse, civila oroligheter, upplopp, intr\u00e4ffad eller befarad terroristattack eller myndighets beslut eller f\u00f6reskrift (\u201d<strong> Force Majeure-h\u00e4ndelse<\/strong>&#8220;).<\/p><p>Vi kommer att kontakta dig i h\u00e4ndelse av en Force Majeure-h\u00e4ndelse som p\u00e5verkar v\u00e5ra m\u00f6jligheter att fullg\u00f6ra v\u00e5ra f\u00f6rpliktelser gentemot dig. Om din leverans av varor p\u00e5verkas av Force Majeure-h\u00e4ndelsen kommer vi att omboka leveransen till ett datum s\u00e5 snart som m\u00f6jligt efter att Force Majeure-h\u00e4ndelsen har upph\u00f6rt. Alternativt kan du annullera k\u00f6pet genom att l\u00e4mna oss meddelande om det.<\/p>\t\t\t\t\t\t\t\t<\/div>\n\t\t\t\t<\/div>\n\t\t\t\t<div class=\"elementor-element elementor-element-2a24301 elementor-widget elementor-widget-heading\" data-id=\"2a24301\" data-element_type=\"widget\" data-e-type=\"widget\" data-widget_type=\"heading.default\">\n\t\t\t\t<div class=\"elementor-widget-container\">\n\t\t\t\t\t<h2 class=\"elementor-heading-title elementor-size-default\">Personuppgifter<\/h2>\t\t\t\t<\/div>\n\t\t\t\t<\/div>\n\t\t\t\t<div class=\"elementor-element elementor-element-441404d elementor-widget elementor-widget-text-editor\" data-id=\"441404d\" data-element_type=\"widget\" data-e-type=\"widget\" data-widget_type=\"text-editor.default\">\n\t\t\t\t<div class=\"elementor-widget-container\">\n\t\t\t\t\t\t\t\t\t<p>Vi behandlar personuppgifter i enlighet med v\u00e5r integritetspolicy, som finns<a href=\"https:\/\/brainlit.com\/sv\/juridisk-information\/integritetspolicy\/\"> h\u00e4r<\/a>.<\/p>\t\t\t\t\t\t\t\t<\/div>\n\t\t\t\t<\/div>\n\t\t\t\t<div class=\"elementor-element elementor-element-b76201b elementor-widget elementor-widget-heading\" data-id=\"b76201b\" data-element_type=\"widget\" data-e-type=\"widget\" data-widget_type=\"heading.default\">\n\t\t\t\t<div class=\"elementor-widget-container\">\n\t\t\t\t\t<h2 class=\"elementor-heading-title elementor-size-default\">Till\u00e4mplig lag<\/h2>\t\t\t\t<\/div>\n\t\t\t\t<\/div>\n\t\t\t\t<div class=\"elementor-element elementor-element-25ca71c elementor-widget elementor-widget-text-editor\" data-id=\"25ca71c\" data-element_type=\"widget\" data-e-type=\"widget\" data-widget_type=\"text-editor.default\">\n\t\t\t\t<div class=\"elementor-widget-container\">\n\t\t\t\t\t\t\t\t\t<p>De h\u00e4r Villkoren, och k\u00f6p gjorda p\u00e5 Webbplatsen, lyder under svensk r\u00e4tt.<\/p>\t\t\t\t\t\t\t\t<\/div>\n\t\t\t\t<\/div>\n\t\t\t\t<div class=\"elementor-element elementor-element-3f572cc elementor-widget elementor-widget-heading\" data-id=\"3f572cc\" data-element_type=\"widget\" data-e-type=\"widget\" data-widget_type=\"heading.default\">\n\t\t\t\t<div class=\"elementor-widget-container\">\n\t\t\t\t\t<h2 class=\"elementor-heading-title elementor-size-default\">Tvistl\u00f6sning<\/h2>\t\t\t\t<\/div>\n\t\t\t\t<\/div>\n\t\t\t\t<div class=\"elementor-element elementor-element-8afbfc1 elementor-widget elementor-widget-text-editor\" data-id=\"8afbfc1\" data-element_type=\"widget\" data-e-type=\"widget\" data-widget_type=\"text-editor.default\">\n\t\t\t\t<div class=\"elementor-widget-container\">\n\t\t\t\t\t\t\t\t\t<p>Om du tycker att en vara du har k\u00f6pt hos oss \u00e4r felaktig men vi inte h\u00e5ller med dig s\u00e5 kan du ocks\u00e5 v\u00e4nda dig till Allm\u00e4nna reklamationsn\u00e4mnden, Box 174, 101 23 Stockholm,<a href=\"http:\/\/www.arn.se\/\" target=\"_blank\" rel=\"noopener\"> www.arn.se<\/a>. Vi medverkar i tvistl\u00f6sningsf\u00f6randet och f\u00f6ljer ARN:s rekommendationer. Beh\u00f6rig domstol som f\u00f6r talan mot Brainlit \u00e4r Malm\u00f6 Tingsr\u00e4tt i f\u00f6rsta instans.<\/p>\t\t\t\t\t\t\t\t<\/div>\n\t\t\t\t<\/div>\n\t\t\t\t<div class=\"elementor-element elementor-element-c3a1a03 elementor-widget elementor-widget-heading\" data-id=\"c3a1a03\" data-element_type=\"widget\" data-e-type=\"widget\" data-widget_type=\"heading.default\">\n\t\t\t\t<div class=\"elementor-widget-container\">\n\t\t\t\t\t<h2 class=\"elementor-heading-title elementor-size-default\">Kontaktuppgifter<\/h2>\t\t\t\t<\/div>\n\t\t\t\t<\/div>\n\t\t\t\t<div class=\"elementor-element elementor-element-a6185c9 elementor-widget elementor-widget-text-editor\" data-id=\"a6185c9\" data-element_type=\"widget\" data-e-type=\"widget\" data-widget_type=\"text-editor.default\">\n\t\t\t\t<div class=\"elementor-widget-container\">\n\t\t\t\t\t\t\t\t\t<p>Du kan kontakta oss genom att skicka ett e-postmeddelande till<a href=\"mailto:info@brainlit.com\"> info@brainlit.com<\/a><\/p><p>Du kan ocks\u00e5 skicka ett brev till oss p\u00e5 adressen som anges i inledningen av Villkoren.<\/p>\t\t\t\t\t\t\t\t<\/div>\n\t\t\t\t<\/div>\n\t\t\t\t<div class=\"elementor-element elementor-element-effe848 elementor-widget elementor-widget-spacer\" data-id=\"effe848\" data-element_type=\"widget\" data-e-type=\"widget\" data-widget_type=\"spacer.default\">\n\t\t\t\t<div class=\"elementor-widget-container\">\n\t\t\t\t\t\t\t<div class=\"elementor-spacer\">\n\t\t\t<div class=\"elementor-spacer-inner\"><\/div>\n\t\t<\/div>\n\t\t\t\t\t\t<\/div>\n\t\t\t\t<\/div>\n\t\t\t\t\t<\/div>\n\t\t<\/div>\n\t\t\t\t\t<\/div>\n\t\t<\/section>\n\t\t\t\t<\/div>","protected":false},"excerpt":{"rendered":"<p>Terms of purchase General The website www.shop-se.brainlit.com (the &#8220;Website&#8220;) is provided by Brainlit AB (&#8220;we&#8220;, &#8220;us&#8221; or &#8220;Brainlit&#8220;), Scheelev\u00e4gen 34, 223 63 Lund, org.nr 556902-2014, VAT registrationummer SE556902201401. These general terms and conditions (the &#8220;Terms&#8220;) apply to purchases\u00a0 made on the Website. By visiting and\/or placing an order on the Website, you accept and agree [&hellip;]<\/p>\n","protected":false},"author":2,"featured_media":0,"parent":0,"menu_order":0,"comment_status":"closed","ping_status":"closed","template":"","meta":{"footnotes":""},"class_list":["post-17199","page","type-page","status-publish","hentry"],"_links":{"self":[{"href":"https:\/\/brainlit.com\/sv\/wp-json\/wp\/v2\/pages\/17199","targetHints":{"allow":["GET"]}}],"collection":[{"href":"https:\/\/brainlit.com\/sv\/wp-json\/wp\/v2\/pages"}],"about":[{"href":"https:\/\/brainlit.com\/sv\/wp-json\/wp\/v2\/types\/page"}],"author":[{"embeddable":true,"href":"https:\/\/brainlit.com\/sv\/wp-json\/wp\/v2\/users\/2"}],"replies":[{"embeddable":true,"href":"https:\/\/brainlit.com\/sv\/wp-json\/wp\/v2\/comments?post=17199"}],"version-history":[{"count":0,"href":"https:\/\/brainlit.com\/sv\/wp-json\/wp\/v2\/pages\/17199\/revisions"}],"wp:attachment":[{"href":"https:\/\/brainlit.com\/sv\/wp-json\/wp\/v2\/media?parent=17199"}],"curies":[{"name":"wp","href":"https:\/\/api.w.org\/{rel}","templated":true}]}}